{"id":245,"date":"2020-09-30T15:39:05","date_gmt":"2020-09-30T15:39:05","guid":{"rendered":"https:\/\/www.p2ml.org\/edipacc\/?page_id=245"},"modified":"2020-10-01T08:42:32","modified_gmt":"2020-10-01T08:42:32","slug":"difusion","status":"publish","type":"page","link":"https:\/\/www.p2ml.org\/edipacc\/difusion\/","title":{"rendered":"Difusi\u00f3n y transferencia de resultados"},"content":{"rendered":"\n<p>El proyecto EDIPACC tiene un triple mercado objetivo basado, por un lado, en la mejora de la competitividad del mercado de la pera (SAT VALLE DE RINC\u00d3N), en la validaci\u00f3n de nuevas aplicaciones del PAW (UR) y en la transferencia a las empresas de las soluciones desarrolladas en el \u00e1mbito alimentario (CTIC-CITA).<\/p>\n\n\n\n<p>En este sentido, se han identificado varios agentes de difusi\u00f3n objetivos interesados en la transferencia de los resultados derivados de este proyecto y, a lo largo del mismo, se han desarrollado diferentes acciones de difusi\u00f3n y transferencia.<\/p>\n\n\n\n<p>Se han llevado a cabo las  acciones de difusi\u00f3n que se detallan a continuaci\u00f3n:<\/p>\n\n\n\n<p><strong>Presentaci\u00f3n de resultados en congresos<\/strong><\/p>\n\n\n\n<ul class=\"wp-block-list\"><li><a href=\"https:\/\/www.p2ml.org\/edipacc\/wp-content\/uploads\/2020\/10\/13-ACOFESAL_Poster-EDIPACC.pdf\" target=\"_blank\" rel=\"noreferrer noopener\">Alternativas a la desinfecci\u00f3n de peras en postcosecha empleando agua activada con plasma y agua electrolizada.<\/a> <em>V Congreso Internacional de Calidad y Seguridad Alimentaria (ACOFESAL)<\/em>. Barcelona (Espa\u00f1a). 19-21 de junio de 2019<\/li><\/ul>\n\n\n\n<ul class=\"wp-block-list\"><li><a rel=\"noreferrer noopener\" href=\"https:\/\/www.p2ml.org\/edipacc\/wp-content\/uploads\/2020\/10\/Abstract-EFFOST_EDIPACC_final.pdf\" target=\"_blank\">Alternatives to post-harvest pear disinfection using plasma-activated water and electrolyzed water.<\/a> <em>34th EFFoST International Conference. Bridging high-tech, food-tech and health.<\/em> Online event. 10-12 november 2020<\/li><\/ul>\n\n\n\n<div class=\"wp-block-image\"><figure class=\"aligncenter size-large is-resized\"><img loading=\"lazy\" decoding=\"async\" src=\"https:\/\/www.p2ml.org\/edipacc\/wp-content\/uploads\/2020\/10\/congresos-1024x101.png\" alt=\"\" class=\"wp-image-270\" width=\"1072\" height=\"105\" srcset=\"https:\/\/www.p2ml.org\/edipacc\/wp-content\/uploads\/2020\/10\/congresos-1024x101.png 1024w, https:\/\/www.p2ml.org\/edipacc\/wp-content\/uploads\/2020\/10\/congresos-300x30.png 300w, https:\/\/www.p2ml.org\/edipacc\/wp-content\/uploads\/2020\/10\/congresos-768x76.png 768w, https:\/\/www.p2ml.org\/edipacc\/wp-content\/uploads\/2020\/10\/congresos-1536x152.png 1536w, https:\/\/www.p2ml.org\/edipacc\/wp-content\/uploads\/2020\/10\/congresos.png 1752w\" sizes=\"(max-width: 767px) 89vw, (max-width: 1000px) 54vw, (max-width: 1071px) 543px, 580px\" \/><\/figure><\/div>\n\n\n\n<p><strong>Art\u00edculos de divulgaci\u00f3n en revistas<\/strong><\/p>\n\n\n\n<ul class=\"wp-block-list\"><li><a rel=\"noreferrer noopener\" href=\"http:\/\/valenciafruits.com\/wp-content\/uploads\/2018\/11\/2831_131118.pdf\" target=\"_blank\">Estudian alargar la vida \u00fatil de la pera en el dep\u00f3sito postcosecha.<\/a> <em>Valencia Fruits (n\u00ba 2.831)<\/em>. 13 de noviembre de 2018<\/li><\/ul>\n\n\n\n<ul class=\"wp-block-list\"><li><a href=\"https:\/\/www.revistaalimentaria.es\/vernoticia.php?noticia=peras-mas-duraderas-gracias-al-plasma\" target=\"_blank\" rel=\"noreferrer noopener\">Peras m\u00e1s duraderas gracias al plasma.<\/a> <em>Revista Alimentaria (n\u00ba 498)<\/em>. 3 de enero de 2019<\/li><\/ul>\n\n\n\n<ul class=\"wp-block-list\"><li><a rel=\"noreferrer noopener\" href=\"https:\/\/www.larioja.org\/larioja-client\/cm\/agricultura\/images?idMmedia=1191974\" target=\"_blank\">EDIPACC: Buscando alternativas al uso de fungicidas en el almacenamiento de peras.<\/a> <em>Cuaderno de Campo (n\u00ba 63)<\/em>. Enero de 2020<\/li><\/ul>\n\n\n\n<p><strong>Jornadas divulgativas<\/strong><\/p>\n\n\n\n<ul class=\"wp-block-list\"><li>Jornada <em><a href=\"http:\/\/lifemcubo.eu\/es\/2018\/03\/14\/jornada-retos-mejoras-nuevas-oportunidades-la-gestion-del-agua-la-industria-alimentaria\/\" target=\"_blank\" rel=\"noreferrer noopener\">&#8220;Retos, mejoras y nuevas oportunidades en la gesti\u00f3n del agua en la Industria alimentaria. D\u00eda Mundial del Agua&#8221;<\/a><\/em>. Calahorra (Espa\u00f1a). 22 de marzo de 2018. Organiza: Cluster Food+I y Ctic Cita<\/li><\/ul>\n\n\n\n<ul class=\"wp-block-list\"><li>Jornada <em><a rel=\"noreferrer noopener\" href=\"http:\/\/auditarcalidadconsultores.es\/zaragoza-10-05-2018\/\" target=\"_blank\">&#8220;VIII Jornadas de Calidad y Seguridad Alimentaria&#8221;<\/a><\/em>. Zaragoza (Espa\u00f1a). 10 de mayo de 2018. Organiza: Analiza Calidad<\/li><\/ul>\n\n\n\n<figure class=\"wp-block-image size-large is-resized\"><img loading=\"lazy\" decoding=\"async\" src=\"https:\/\/www.p2ml.org\/edipacc\/wp-content\/uploads\/2020\/10\/jornada-1024x398.png\" alt=\"\" class=\"wp-image-274\" width=\"849\" height=\"329\" srcset=\"https:\/\/www.p2ml.org\/edipacc\/wp-content\/uploads\/2020\/10\/jornada-1024x398.png 1024w, https:\/\/www.p2ml.org\/edipacc\/wp-content\/uploads\/2020\/10\/jornada-300x116.png 300w, https:\/\/www.p2ml.org\/edipacc\/wp-content\/uploads\/2020\/10\/jornada-768x298.png 768w, https:\/\/www.p2ml.org\/edipacc\/wp-content\/uploads\/2020\/10\/jornada-1536x596.png 1536w, https:\/\/www.p2ml.org\/edipacc\/wp-content\/uploads\/2020\/10\/jornada-2048x795.png 2048w\" sizes=\"(max-width: 767px) 89vw, (max-width: 1000px) 54vw, (max-width: 1071px) 543px, 580px\" \/><\/figure>\n\n\n\n<p><\/p>\n\n\n\n<p><strong>Publicaciones en p\u00e1ginas web<\/strong><\/p>\n\n\n\n<ul class=\"wp-block-list\"><li><a rel=\"noreferrer noopener\" href=\"http:\/\/ctic-cita.es\/explora\/proyectos-de-i-d\/proyectos-ctic-cita\/proyectos-regionales\/edipacc-rioja\/\" target=\"_blank\">Proyecto EDIPACC.<\/a> <em>Ctic Cita &#8211; Proyectos de I+D<\/em>.<\/li><\/ul>\n\n\n\n<ul class=\"wp-block-list\"><li><a rel=\"noreferrer noopener\" href=\"https:\/\/www.unirioja.es\/servicios\/sgib\/investigacion\/Edipacc.shtml\" target=\"_blank\">Estudio piloto de la desinfecci\u00f3n de peras en postcosecha empleando agua activada con plasma como medida de mitigaci\u00f3n del cambio clim\u00e1tico (EDIPACC).<\/a> <em>Universidad de La Rioja &#8211; Investigaci\u00f3n<\/em><\/li><\/ul>\n\n\n\n<ul class=\"wp-block-list\"><li><a rel=\"noreferrer noopener\" href=\"https:\/\/vallerincon.com\/img\/cms\/EDIPACC_GRUPO%20OPERATIVO.pdf\" target=\"_blank\">EDIPACC es una alternativa al uso de fungicidas para alargar la vida \u00fatil de la pera en almacenamiento post cosecha<\/a>. <em>Valle de Rinc\u00f3n<\/em><\/li><\/ul>\n\n\n\n<p><strong>Notas web de difusi\u00f3n<\/strong><\/p>\n\n\n\n<ul class=\"wp-block-list\"><li><a rel=\"noreferrer noopener\" href=\"http:\/\/ctic-cita.es\/nc\/saladeprensa2\/noticias\/noticia-individual\/article\/ctic-cita-validara-la-efectividad-del-agua-tratada-con-plasma-en-la-pera-para-alargar-su-vida-util-e\/\" target=\"_blank\">Ctic Cita validar\u00e1 la efectividad del agua tratada con plasma en la pera para alargar su vida \u00fatil en el almacenamiento poscosecha.<\/a> <em>Ctic Cita &#8211; Noticias<\/em>. Lanzamiento del proyecto, 29 de junio de 2018<\/li><\/ul>\n\n\n\n<ul class=\"wp-block-list\"><li><a rel=\"noreferrer noopener\" href=\"http:\/\/ctic-cita.es\/nc\/saladeprensa2\/noticias\/noticia-individual\/article\/edipacc-la-alternativa-eco-friendly-al-uso-de-fungicidas-en-postcosecha\/\" target=\"_blank\">EDIPACC, la alternativa eco-friendly al uso de fungicidas en postcosecha.<\/a> <em>Ctic Cita &#8211; Noticias<\/em>. Cierre del proyecto, 30 de julio de 2020<\/li><\/ul>\n\n\n\n<p><\/p>\n","protected":false},"excerpt":{"rendered":"<p>El proyecto EDIPACC tiene un triple mercado objetivo basado, por un lado, en la mejora de la competitividad del mercado de la pera (SAT VALLE DE RINC\u00d3N), en la validaci\u00f3n de nuevas aplicaciones del PAW (UR) y en la transferencia a las empresas de las soluciones desarrolladas en el \u00e1mbito alimentario (CTIC-CITA). En este sentido, &hellip; <\/p>\n<p class=\"link-more\"><a href=\"https:\/\/www.p2ml.org\/edipacc\/difusion\/\" class=\"more-link\">Continuar leyendo<span class=\"screen-reader-text\"> &#8220;Difusi\u00f3n y transferencia de resultados&#8221;<\/span><\/a><\/p>\n","protected":false},"author":1,"featured_media":0,"parent":0,"menu_order":0,"comment_status":"closed","ping_status":"closed","template":"","meta":{"footnotes":""},"class_list":["post-245","page","type-page","status-publish","hentry"],"_links":{"self":[{"href":"https:\/\/www.p2ml.org\/edipacc\/wp-json\/wp\/v2\/pages\/245"}],"collection":[{"href":"https:\/\/www.p2ml.org\/edipacc\/wp-json\/wp\/v2\/pages"}],"about":[{"href":"https:\/\/www.p2ml.org\/edipacc\/wp-json\/wp\/v2\/types\/page"}],"author":[{"embeddable":true,"href":"https:\/\/www.p2ml.org\/edipacc\/wp-json\/wp\/v2\/users\/1"}],"replies":[{"embeddable":true,"href":"https:\/\/www.p2ml.org\/edipacc\/wp-json\/wp\/v2\/comments?post=245"}],"version-history":[{"count":20,"href":"https:\/\/www.p2ml.org\/edipacc\/wp-json\/wp\/v2\/pages\/245\/revisions"}],"predecessor-version":[{"id":281,"href":"https:\/\/www.p2ml.org\/edipacc\/wp-json\/wp\/v2\/pages\/245\/revisions\/281"}],"wp:attachment":[{"href":"https:\/\/www.p2ml.org\/edipacc\/wp-json\/wp\/v2\/media?parent=245"}],"curies":[{"name":"wp","href":"https:\/\/api.w.org\/{rel}","templated":true}]}}