{"id":63,"date":"2018-07-18T14:00:23","date_gmt":"2018-07-18T14:00:23","guid":{"rendered":"https:\/\/www.p2ml.org\/edipacc\/?page_id=63"},"modified":"2018-07-18T14:54:54","modified_gmt":"2018-07-18T14:54:54","slug":"objetivos","status":"publish","type":"page","link":"https:\/\/www.p2ml.org\/edipacc\/objetivos\/","title":{"rendered":"Objetivos"},"content":{"rendered":"<p style=\"text-align: justify;\">El objetivo del proyecto EDIPACC es validar el uso de agua tratada con plasma (PAW) como alternativa al uso de fungicidas en el almacenamiento de peras en atm\u00f3sfera controlada, as\u00ed como el tratamiento postcosecha mediante t\u00e9cnicas que minimicen el consumo de agua con el fin de mitigar el impacto clim\u00e1tico manteniendo las caracter\u00edsticas organol\u00e9pticas del producto y alargando su vida \u00fatil.<\/p>\n<p style=\"text-align: justify;\">Los objetivos espec\u00edficos que se pretenden conseguir se definen a continuaci\u00f3n:<\/p>\n<table style=\"height: 500px; width: 100%; border-collapse: collapse; border-color: #000000;\" border=\"1\">\n<tbody>\n<tr style=\"height: 26px;\">\n<td style=\"width: 100%; height: 26px; border-style: solid; text-align: center;\" colspan=\"2\"><strong>Objetivos del Proyecto<\/strong><\/td>\n<\/tr>\n<tr style=\"height: 26px;\">\n<td style=\"width: 100%; height: 26px; border-style: solid; background-color: #ccffff;\" colspan=\"2\"><strong>\u00a0Objetivos t\u00e9cnicos (OT)<\/strong><\/td>\n<\/tr>\n<tr style=\"height: 53px;\">\n<td style=\"width: 10.0928%; text-align: center; height: 53px; border-style: solid;\">OT1<\/td>\n<td style=\"width: 89.9072%; height: 53px; border-style: solid;\">Validar el uso de PAW como alternativa al uso de fungicidas en postcosecha.<\/td>\n<\/tr>\n<tr style=\"height: 79px;\">\n<td style=\"width: 10.0928%; text-align: center; height: 79px; border-style: solid;\">OT2<\/td>\n<td style=\"width: 89.9072%; height: 79px; border-style: solid;\">Validar la aplicaci\u00f3n de PAW mediante nebulizaci\u00f3n permitiendo la reducci\u00f3n del consumo de agua como alternativa a los tratamientos por drencher e inmersi\u00f3n.<\/td>\n<\/tr>\n<tr style=\"height: 53px;\">\n<td style=\"width: 10.0928%; text-align: center; height: 53px; border-style: solid;\">OT3<\/td>\n<td style=\"width: 89.9072%; height: 53px; border-style: solid;\">Optimizar la producci\u00f3n de agua tratada con plasma para el tratamiento postcosecha de peras.<\/td>\n<\/tr>\n<tr style=\"height: 26px;\">\n<td style=\"width: 100%; height: 26px; border-style: solid; background-color: #ccffcc;\" colspan=\"2\"><strong>\u00a0Objetivos ambientales (OM)<\/strong><\/td>\n<\/tr>\n<tr style=\"height: 26px;\">\n<td style=\"width: 10.0928%; text-align: center; height: 26px; border-style: solid;\">OM1<\/td>\n<td style=\"width: 89.9072%; height: 26px; border-style: solid;\">Reducci\u00f3n del uso de fitosanitarios en postcosecha en peras.<\/td>\n<\/tr>\n<tr style=\"height: 53px;\">\n<td style=\"width: 10.0928%; text-align: center; height: 53px; border-style: solid;\">OM2<\/td>\n<td style=\"width: 89.9072%; height: 53px; border-style: solid;\">Reducci\u00f3n del uso de consumo de agua en los tratamientos postcosecha de peras.<\/td>\n<\/tr>\n<tr style=\"height: 26px;\">\n<td style=\"width: 100%; height: 26px; border-style: solid; background-color: #d9e1f2;\" colspan=\"2\"><strong>\u00a0Objetivos empresariales (OE)<\/strong><\/td>\n<\/tr>\n<tr style=\"height: 79px;\">\n<td style=\"width: 10.0928%; text-align: center; height: 79px; border-style: solid;\">OE1<\/td>\n<td style=\"width: 89.9072%; height: 79px; border-style: solid;\">Incremento de la competitividad del sector de peras de La Rioja por incremento de la calidad y vida \u00fatil de las peras obtenidas y por un menor coste de producci\u00f3n<\/td>\n<\/tr>\n<tr style=\"height: 53px;\">\n<td style=\"width: 10.0928%; text-align: center; height: 53px; border-style: solid;\">OE2<\/td>\n<td style=\"width: 89.9072%; height: 53px; border-style: solid;\">Reducir mermas en almacenamiento postcosecha de peras en c\u00e1maras de atm\u00f3sfera controlada.<\/td>\n<\/tr>\n<\/tbody>\n<\/table>\n<p>&nbsp;<\/p>\n","protected":false},"excerpt":{"rendered":"<p>El objetivo del proyecto EDIPACC es validar el uso de agua tratada con plasma (PAW) como alternativa al uso de fungicidas en el almacenamiento de peras en atm\u00f3sfera controlada, as\u00ed como el tratamiento postcosecha mediante t\u00e9cnicas que minimicen el consumo de agua con el fin de mitigar el impacto clim\u00e1tico manteniendo las caracter\u00edsticas organol\u00e9pticas del &hellip; <\/p>\n<p class=\"link-more\"><a href=\"https:\/\/www.p2ml.org\/edipacc\/objetivos\/\" class=\"more-link\">Continuar leyendo<span class=\"screen-reader-text\"> &#8220;Objetivos&#8221;<\/span><\/a><\/p>\n","protected":false},"author":1,"featured_media":0,"parent":0,"menu_order":0,"comment_status":"closed","ping_status":"closed","template":"","meta":{"footnotes":""},"class_list":["post-63","page","type-page","status-publish","hentry"],"_links":{"self":[{"href":"https:\/\/www.p2ml.org\/edipacc\/wp-json\/wp\/v2\/pages\/63"}],"collection":[{"href":"https:\/\/www.p2ml.org\/edipacc\/wp-json\/wp\/v2\/pages"}],"about":[{"href":"https:\/\/www.p2ml.org\/edipacc\/wp-json\/wp\/v2\/types\/page"}],"author":[{"embeddable":true,"href":"https:\/\/www.p2ml.org\/edipacc\/wp-json\/wp\/v2\/users\/1"}],"replies":[{"embeddable":true,"href":"https:\/\/www.p2ml.org\/edipacc\/wp-json\/wp\/v2\/comments?post=63"}],"version-history":[{"count":8,"href":"https:\/\/www.p2ml.org\/edipacc\/wp-json\/wp\/v2\/pages\/63\/revisions"}],"predecessor-version":[{"id":74,"href":"https:\/\/www.p2ml.org\/edipacc\/wp-json\/wp\/v2\/pages\/63\/revisions\/74"}],"wp:attachment":[{"href":"https:\/\/www.p2ml.org\/edipacc\/wp-json\/wp\/v2\/media?parent=63"}],"curies":[{"name":"wp","href":"https:\/\/api.w.org\/{rel}","templated":true}]}}