{"id":152,"date":"2021-10-08T11:51:52","date_gmt":"2021-10-08T10:51:52","guid":{"rendered":"https:\/\/www.p2ml.org\/p2ml\/?page_id=152"},"modified":"2023-03-31T10:39:13","modified_gmt":"2023-03-31T09:39:13","slug":"projects","status":"publish","type":"page","link":"https:\/\/www.p2ml.org\/p2ml\/projects\/","title":{"rendered":"Projects"},"content":{"rendered":"\n<h2 class=\"wp-block-heading\" id=\"european\">European<\/h2>\n\n\n\n<ul class=\"wp-block-list\">\n<li><em>Title<\/em>: Novel Pesticides for a Sustainable Agriculture (NoPest). <strong>2019-2023<\/strong>.\n<ul class=\"wp-block-list\">\n<li><em>Participants<\/em>: Universita degli Studi di Milano, Kungliga Tekniska Hoegsklan, Bar Ilan University, Universite Paris-Sud, Oxon Italia S.p.A., Universidad de La Rioja.<\/li>\n\n\n\n<li><em>PI<\/em>: Manuel Javier Tard\u00e1guila-Las<em>o<\/em><\/li>\n<\/ul>\n<\/li>\n<\/ul>\n\n\n\n<h2 class=\"wp-block-heading\" id=\"national\">National<\/h2>\n\n\n\n<ul class=\"wp-block-list\">\n<li><em>Title<\/em>: Prototipo industrial generador de PAW para la descontaminaci\u00f3n de materiales de la industria enol\u00f3gica. <strong>2022-2024<\/strong>.\n<ul class=\"wp-block-list\">\n<li><em>Participants<\/em>: Universidad de La Rioja.<\/li>\n\n\n\n<li><em>PI<\/em>: Ana Gonz\u00e1lez-Marcos and Isabel L\u00f3pez Alfaro<\/li>\n<\/ul>\n<\/li>\n\n\n\n<li><em>Title<\/em>: Aplicaci\u00f3n de recubrimientos plasma-polimerizados y PAW con capacidad anti-microbiana y anti-biofilm (COMBATIR). <strong>2021-2024<\/strong>.\n<ul class=\"wp-block-list\">\n<li><em>Participants<\/em>: Centro de Investigaci\u00f3n Biom\u00e9dica de La Rioja (CIBIR), Universidad de Le\u00f3n, Universidad de La Rioja.<\/li>\n\n\n\n<li><em>PI<\/em>: Fernando Alba El\u00edas, Alpha Pern\u00eda Espinoza and Mar\u00eda Mercedes L\u00f3pez Fern\u00e1ndez<\/li>\n<\/ul>\n<\/li>\n\n\n\n<li><em>Title<\/em>: Optimization of atmospheric pressure cold plasma technology (APCP) to reduce microorganisms causing wine spoilage in contact with oak wood (PLASMAWOW). <strong>2020-2023<\/strong>.\n<ul class=\"wp-block-list\">\n<li><em>Participants<\/em>: Universidad de La Rioja, Instituto de Ciencias de la Vid y del Vino (ICVV).<\/li>\n\n\n\n<li><em>PI<\/em>: Ana Gonz\u00e1lez-Marcos and Isabel L\u00f3pez Alfaro<\/li>\n<\/ul>\n<\/li>\n\n\n\n<li><em>Title<\/em>: New PAW Technology for research on vegetable stabilization (NEW-PAWER). <strong>2018-2021<\/strong>.\n<ul class=\"wp-block-list\">\n<li><em>Participants<\/em>: Universidad de La Rioja, Agrifood Technology Center of La Rioja, Riberebro, Gvtarra, Eurochamp Group.<\/li>\n\n\n\n<li><em>PI<\/em>: Fernando Alba El\u00edas<\/li>\n<\/ul>\n<\/li>\n\n\n\n<li><em>Title<\/em>: Anti-biofilm coatings by means of non-balanced atmospheric plasma-polymerization for use in the food industry (RAPANUI). <strong>2017-2020<\/strong>.\n<ul class=\"wp-block-list\">\n<li><em>Participants<\/em>: Universidad de La Rioja, Universidad de Le\u00f3n, Centro de Investigaci\u00f3n Biom\u00e9dica de La Rioja (CIBIR).<\/li>\n\n\n\n<li><em>PI<\/em>: Fernando Alba El\u00edas<\/li>\n<\/ul>\n<\/li>\n\n\n\n<li><em>Title<\/em>: The Spanish Virtual Observatory. Scientific-technical exploitation of astronomical archives. <strong>2015-2017<\/strong>.\n<ul class=\"wp-block-list\">\n<li><em>Participants<\/em>: National Institute of Aerospace Technology \u201cEsteban Terradas\u201d (INTA). <\/li>\n\n\n\n<li><em>PI<\/em>: Enrique Solano M\u00e1rquez<\/li>\n<\/ul>\n<\/li>\n\n\n\n<li><em>Title<\/em>: El observatorio virtual espa\u00f1ol. Explotaci\u00f3n cient\u00edfico-t\u00e9cnica de los centros de datos astron\u00f3micos. Desarrollo y operaci\u00f3n de los archivos VO de GTC, Calar alto y Joan Oro. <strong>2012-2014<\/strong>.\n<ul class=\"wp-block-list\">\n<li><em>Participants<\/em>: National Institute of Aerospace Technology \u201cEsteban Terradas\u201d (INTA). <\/li>\n\n\n\n<li><em>PI<\/em>: Enrique Solano M\u00e1rquez<\/li>\n<\/ul>\n<\/li>\n<\/ul>\n\n\n\n<h2 class=\"wp-block-heading\" id=\"regional\">Regional<\/h2>\n\n\n\n<ul class=\"wp-block-list\">\n<li><em>Title<\/em>: Nuevo dispositivo de An\u00e1lisis Cl\u00ednico para el tratamiento de Infecciones Bacterianas (DIANA-ANTIBACT). <strong>2021-2023<\/strong>.\n<ul class=\"wp-block-list\">\n<li><em>Participants<\/em>: Centro de Investigaci\u00f3n Biom\u00e9dica de La Rioja (CIBIR), Universidad de La Rioja<\/li>\n\n\n\n<li><em>PI<\/em>: Fernando Alba El\u00edas and Yolanda S\u00e1enz Dom\u00ednguez<\/li>\n<\/ul>\n<\/li>\n\n\n\n<li><em>Title<\/em>: Dise\u00f1o y fabricaci\u00f3n de prototipo (\u201cbarrica artificial\u201d) para la investigaci\u00f3n de nuevas tecnolog\u00edas de higienizaci\u00f3n de barricas de roble. <strong>2021<\/strong>.\n<ul class=\"wp-block-list\">\n<li><em>Participants<\/em>: Instituto de Ciencias de la Vid y del Vino, Universidad de La Rioja.<\/li>\n\n\n\n<li><em>PI<\/em>: Rosa L\u00f3pez Mart\u00edn<\/li>\n<\/ul>\n<\/li>\n\n\n\n<li><em>Title<\/em>: Estudio piloto de la desinfecci\u00f3n de peras en postcosecha empleando agua activada con plasma como medida para la mitigaci\u00f3n del cambio clim\u00e1tico (EDIPACC). <strong>2018-2020<\/strong>.\n<ul class=\"wp-block-list\">\n<li><em>Participants<\/em>: Universidad de La Rioja, Centro Tecnol\u00f3gico Agroalimentario de La Rioja<\/li>\n\n\n\n<li><em>PI<\/em>: Fernando Alba El\u00edas<\/li>\n<\/ul>\n<\/li>\n\n\n\n<li><em>Title<\/em>: Tecnolog\u00edas de mejora de la Adhesi\u00f3n del Calzado (TECNACAL). <strong>2018-2020<\/strong>.\n<ul class=\"wp-block-list\">\n<li><em>Participants<\/em>: Universidad de La Rioja, Centro Tecnol\u00f3gico del Calzado de La Rioja<\/li>\n\n\n\n<li><em>PI<\/em>: Fernando Alba El\u00edas<\/li>\n<\/ul>\n<\/li>\n\n\n\n<li><em>Title<\/em>: Investigaci\u00f3n de la aplicaci\u00f3n de plasma atmosf\u00e9rico para la desinfecci\u00f3n bacteriana en los \u00e1mbitos de la alimentaci\u00f3n y la salud (PLASFORMERS). <strong>2017-2020<\/strong>.\n<ul class=\"wp-block-list\">\n<li><em>Participants<\/em>: Universidad de La Rioja, Centro Tecnol\u00f3gico Agroalimentario de La Rioja, Fundaci\u00f3n Rioja Salud<\/li>\n\n\n\n<li><em>PI<\/em>: Yolanda S\u00e1enz Dom\u00ednguez<\/li>\n<\/ul>\n<\/li>\n\n\n\n<li><em>Title<\/em>: Optimizaci\u00f3n de la desinfecci\u00f3n de madera de roble de barrica con agua activada con Plasma Atmosf\u00e9rico Fr\u00edo (PAW). <strong>2020<\/strong>.\n<ul class=\"wp-block-list\">\n<li><em>Participants<\/em>: Instituto de Ciencias de la Vid y del Vino, Universidad de La Rioja.<\/li>\n\n\n\n<li><em>PI<\/em>: Rosa L\u00f3pez Mart\u00edn<\/li>\n<\/ul>\n<\/li>\n\n\n\n<li><em>Title<\/em>: Optimizaci\u00f3n de la contaminaci\u00f3n y posterior tratamiento de corcho natural con Plasma Atmosf\u00e9rico Fr\u00edo (APCP). <strong>2019<\/strong>.\n<ul class=\"wp-block-list\">\n<li><em>Participants<\/em>: Instituto de Ciencias de la Vid y del Vino, Universidad de La Rioja.<\/li>\n\n\n\n<li><em>PI<\/em>: Rosa L\u00f3pez Mart\u00edn<\/li>\n<\/ul>\n<\/li>\n\n\n\n<li><em>Title<\/em>: Software para pymes integrado con ERP web multiplataforma. <strong>2016-2019<\/strong>.\n<ul class=\"wp-block-list\">\n<li><em>Participants<\/em>: CArnedo &amp; Belmonte Ingenier\u00eda e Innovaci\u00f3n S.L., SGS Internat. Cert. Services Ib\u00e9rica S.A., Universidad de La Rioja<\/li>\n\n\n\n<li><em>PI<\/em>: Le\u00f3n Arnedo Piqueras, Ana Gonz\u00e1lez Marcos<\/li>\n<\/ul>\n<\/li>\n\n\n\n<li><em>Title<\/em>: Nuevos materiales elast\u00f3meros con propiedades mejoradas mediante Nano recubrimientos aplicados por plasma-polimerizaci\u00f3n (NANORESOPLA). <strong>2014-2017<\/strong>.\n<ul class=\"wp-block-list\">\n<li><em>Participants<\/em>: Centro Tecnol\u00f3gico Riojano, Universidad de La Rioja<\/li>\n\n\n\n<li><em>PI<\/em>: Fernando Alba El\u00edas<\/li>\n<\/ul>\n<\/li>\n\n\n\n<li><em>Title<\/em>: Software de gesti\u00f3n de la innovaci\u00f3n Open Source. <strong>2011-2014<\/strong>.\n<ul class=\"wp-block-list\">\n<li><em>Participants<\/em>: CArnedo &amp; Belmonte Ingenier\u00eda e Innovaci\u00f3n S.L., Agua, Energ\u00eda y Medio Ambiente Servicios Integrales S.L., ENIAC Sistemas Inform\u00e1ticos S.A., Universidad de La Rioja<\/li>\n\n\n\n<li><em>PI<\/em>: Le\u00f3n Arnedo Piqueras, Ana Gonz\u00e1lez Marcos<\/li>\n<\/ul>\n<\/li>\n<\/ul>\n\n\n\n<p><\/p>\n","protected":false},"excerpt":{"rendered":"<p>European National Regional<\/p>\n","protected":false},"author":1,"featured_media":0,"parent":0,"menu_order":0,"comment_status":"closed","ping_status":"closed","template":"","meta":{"_monsterinsights_skip_tracking":false,"_monsterinsights_sitenote_active":false,"_monsterinsights_sitenote_note":"","_monsterinsights_sitenote_category":0,"footnotes":""},"class_list":["post-152","page","type-page","status-publish","hentry","grid-sizer"],"_links":{"self":[{"href":"https:\/\/www.p2ml.org\/p2ml\/wp-json\/wp\/v2\/pages\/152"}],"collection":[{"href":"https:\/\/www.p2ml.org\/p2ml\/wp-json\/wp\/v2\/pages"}],"about":[{"href":"https:\/\/www.p2ml.org\/p2ml\/wp-json\/wp\/v2\/types\/page"}],"author":[{"embeddable":true,"href":"https:\/\/www.p2ml.org\/p2ml\/wp-json\/wp\/v2\/users\/1"}],"replies":[{"embeddable":true,"href":"https:\/\/www.p2ml.org\/p2ml\/wp-json\/wp\/v2\/comments?post=152"}],"version-history":[{"count":14,"href":"https:\/\/www.p2ml.org\/p2ml\/wp-json\/wp\/v2\/pages\/152\/revisions"}],"predecessor-version":[{"id":326,"href":"https:\/\/www.p2ml.org\/p2ml\/wp-json\/wp\/v2\/pages\/152\/revisions\/326"}],"wp:attachment":[{"href":"https:\/\/www.p2ml.org\/p2ml\/wp-json\/wp\/v2\/media?parent=152"}],"curies":[{"name":"wp","href":"https:\/\/api.w.org\/{rel}","templated":true}]}}